{"id":17,"date":"2025-06-21T11:54:25","date_gmt":"2025-06-21T11:54:25","guid":{"rendered":"http:\/\/www.amisosclimbingfest.com\/?page_id=17"},"modified":"2025-06-21T19:33:13","modified_gmt":"2025-06-21T19:33:13","slug":"amisos-climbing-fast","status":"publish","type":"page","link":"https:\/\/amisosclimbingfest.com\/en\/amisos-climbing-fast\/","title":{"rendered":"Under Construction"},"content":{"rendered":"","protected":false},"excerpt":{"rendered":"","protected":false},"author":1,"featured_media":0,"parent":0,"menu_order":0,"comment_status":"closed","ping_status":"closed","template":"full_width.php","meta":{"footnotes":""},"class_list":["post-17","page","type-page","status-publish","hentry"],"yoast_head":"<!-- This site is optimized with the Yoast SEO plugin v27.4 - https:\/\/yoast.com\/product\/yoast-seo-wordpress\/ -->\n<title>AM\u0130SOS CLIMBING FAST<\/title>\n<meta name=\"description\" content=\"T\u00fcrkiye, Azerbaycan, G\u00fcrcistan, Rusya, Yunanistan, Romanya ve Bulgaristan kul\u00fcp sporcular\u0131 aras\u0131ndan Lider ve Boulder Spor T\u0131rman\u0131\u015f yar\u0131\u015fmas\u0131.\" \/>\n<meta name=\"robots\" content=\"index, follow, max-snippet:-1, max-image-preview:large, max-video-preview:-1\" \/>\n<link rel=\"canonical\" href=\"https:\/\/amisosclimbingfest.com\/en\/amisos-climbing-fast\/\" \/>\n<meta property=\"og:locale\" content=\"en_US\" \/>\n<meta property=\"og:type\" content=\"article\" \/>\n<meta property=\"og:title\" content=\"AM\u0130SOS CLIMBING FAST\" \/>\n<meta property=\"og:description\" content=\"T\u00fcrkiye, Azerbaycan, G\u00fcrcistan, Rusya, Yunanistan, Romanya ve Bulgaristan kul\u00fcp sporcular\u0131 aras\u0131ndan Lider ve Boulder Spor T\u0131rman\u0131\u015f yar\u0131\u015fmas\u0131.\" \/>\n<meta property=\"og:url\" content=\"https:\/\/amisosclimbingfest.com\/en\/amisos-climbing-fast\/\" \/>\n<meta property=\"og:site_name\" content=\"AMISOS\" \/>\n<meta property=\"article:modified_time\" content=\"2025-06-21T19:33:13+00:00\" \/>\n<meta name=\"twitter:card\" content=\"summary_large_image\" \/>\n<script type=\"application\/ld+json\" class=\"yoast-schema-graph\">{\"@context\":\"https:\\\/\\\/schema.org\",\"@graph\":[{\"@type\":\"WebPage\",\"@id\":\"https:\\\/\\\/amisosclimbingfest.com\\\/amisos-climbing-fast\\\/\",\"url\":\"https:\\\/\\\/amisosclimbingfest.com\\\/amisos-climbing-fast\\\/\",\"name\":\"AM\u0130SOS CLIMBING FAST\",\"isPartOf\":{\"@id\":\"https:\\\/\\\/amisosclimbingfest.com\\\/#website\"},\"datePublished\":\"2025-06-21T11:54:25+00:00\",\"dateModified\":\"2025-06-21T19:33:13+00:00\",\"description\":\"T\u00fcrkiye, Azerbaycan, G\u00fcrcistan, Rusya, Yunanistan, Romanya ve Bulgaristan kul\u00fcp sporcular\u0131 aras\u0131ndan Lider ve Boulder Spor T\u0131rman\u0131\u015f yar\u0131\u015fmas\u0131.\",\"breadcrumb\":{\"@id\":\"https:\\\/\\\/amisosclimbingfest.com\\\/amisos-climbing-fast\\\/#breadcrumb\"},\"inLanguage\":\"en-US\",\"potentialAction\":[{\"@type\":\"ReadAction\",\"target\":[\"https:\\\/\\\/amisosclimbingfest.com\\\/amisos-climbing-fast\\\/\"]}]},{\"@type\":\"BreadcrumbList\",\"@id\":\"https:\\\/\\\/amisosclimbingfest.com\\\/amisos-climbing-fast\\\/#breadcrumb\",\"itemListElement\":[{\"@type\":\"ListItem\",\"position\":1,\"name\":\"Home\",\"item\":\"https:\\\/\\\/amisosclimbingfest.com\\\/\"},{\"@type\":\"ListItem\",\"position\":2,\"name\":\"Under Construction\"}]},{\"@type\":\"WebSite\",\"@id\":\"https:\\\/\\\/amisosclimbingfest.com\\\/#website\",\"url\":\"https:\\\/\\\/amisosclimbingfest.com\\\/\",\"name\":\"AMISOS CLIMBING FAST\",\"description\":\"CLIMBING FAST\",\"publisher\":{\"@id\":\"https:\\\/\\\/amisosclimbingfest.com\\\/#organization\"},\"potentialAction\":[{\"@type\":\"SearchAction\",\"target\":{\"@type\":\"EntryPoint\",\"urlTemplate\":\"https:\\\/\\\/amisosclimbingfest.com\\\/?s={search_term_string}\"},\"query-input\":{\"@type\":\"PropertyValueSpecification\",\"valueRequired\":true,\"valueName\":\"search_term_string\"}}],\"inLanguage\":\"en-US\"},{\"@type\":\"Organization\",\"@id\":\"https:\\\/\\\/amisosclimbingfest.com\\\/#organization\",\"name\":\"AMISOS\",\"url\":\"https:\\\/\\\/amisosclimbingfest.com\\\/\",\"logo\":{\"@type\":\"ImageObject\",\"inLanguage\":\"en-US\",\"@id\":\"https:\\\/\\\/amisosclimbingfest.com\\\/#\\\/schema\\\/logo\\\/image\\\/\",\"url\":\"https:\\\/\\\/www.amisosclimbingfest.com\\\/wp-content\\\/uploads\\\/2025\\\/06\\\/Logo-clean-800x800-1.png\",\"contentUrl\":\"https:\\\/\\\/www.amisosclimbingfest.com\\\/wp-content\\\/uploads\\\/2025\\\/06\\\/Logo-clean-800x800-1.png\",\"width\":800,\"height\":800,\"caption\":\"AMISOS\"},\"image\":{\"@id\":\"https:\\\/\\\/amisosclimbingfest.com\\\/#\\\/schema\\\/logo\\\/image\\\/\"}}]}<\/script>\n<!-- \/ Yoast SEO plugin. -->","yoast_head_json":{"title":"AM\u0130SOS CLIMBING FAST","description":"T\u00fcrkiye, Azerbaycan, G\u00fcrcistan, Rusya, Yunanistan, Romanya ve Bulgaristan kul\u00fcp sporcular\u0131 aras\u0131ndan Lider ve Boulder Spor T\u0131rman\u0131\u015f yar\u0131\u015fmas\u0131.","robots":{"index":"index","follow":"follow","max-snippet":"max-snippet:-1","max-image-preview":"max-image-preview:large","max-video-preview":"max-video-preview:-1"},"canonical":"https:\/\/amisosclimbingfest.com\/en\/amisos-climbing-fast\/","og_locale":"en_US","og_type":"article","og_title":"AM\u0130SOS CLIMBING FAST","og_description":"T\u00fcrkiye, Azerbaycan, G\u00fcrcistan, Rusya, Yunanistan, Romanya ve Bulgaristan kul\u00fcp sporcular\u0131 aras\u0131ndan Lider ve Boulder Spor T\u0131rman\u0131\u015f yar\u0131\u015fmas\u0131.","og_url":"https:\/\/amisosclimbingfest.com\/en\/amisos-climbing-fast\/","og_site_name":"AMISOS","article_modified_time":"2025-06-21T19:33:13+00:00","twitter_card":"summary_large_image","schema":{"@context":"https:\/\/schema.org","@graph":[{"@type":"WebPage","@id":"https:\/\/amisosclimbingfest.com\/amisos-climbing-fast\/","url":"https:\/\/amisosclimbingfest.com\/amisos-climbing-fast\/","name":"AM\u0130SOS CLIMBING FAST","isPartOf":{"@id":"https:\/\/amisosclimbingfest.com\/#website"},"datePublished":"2025-06-21T11:54:25+00:00","dateModified":"2025-06-21T19:33:13+00:00","description":"T\u00fcrkiye, Azerbaycan, G\u00fcrcistan, Rusya, Yunanistan, Romanya ve Bulgaristan kul\u00fcp sporcular\u0131 aras\u0131ndan Lider ve Boulder Spor T\u0131rman\u0131\u015f yar\u0131\u015fmas\u0131.","breadcrumb":{"@id":"https:\/\/amisosclimbingfest.com\/amisos-climbing-fast\/#breadcrumb"},"inLanguage":"en-US","potentialAction":[{"@type":"ReadAction","target":["https:\/\/amisosclimbingfest.com\/amisos-climbing-fast\/"]}]},{"@type":"BreadcrumbList","@id":"https:\/\/amisosclimbingfest.com\/amisos-climbing-fast\/#breadcrumb","itemListElement":[{"@type":"ListItem","position":1,"name":"Home","item":"https:\/\/amisosclimbingfest.com\/"},{"@type":"ListItem","position":2,"name":"Under Construction"}]},{"@type":"WebSite","@id":"https:\/\/amisosclimbingfest.com\/#website","url":"https:\/\/amisosclimbingfest.com\/","name":"AMISOS CLIMBING FAST","description":"CLIMBING FAST","publisher":{"@id":"https:\/\/amisosclimbingfest.com\/#organization"},"potentialAction":[{"@type":"SearchAction","target":{"@type":"EntryPoint","urlTemplate":"https:\/\/amisosclimbingfest.com\/?s={search_term_string}"},"query-input":{"@type":"PropertyValueSpecification","valueRequired":true,"valueName":"search_term_string"}}],"inLanguage":"en-US"},{"@type":"Organization","@id":"https:\/\/amisosclimbingfest.com\/#organization","name":"AMISOS","url":"https:\/\/amisosclimbingfest.com\/","logo":{"@type":"ImageObject","inLanguage":"en-US","@id":"https:\/\/amisosclimbingfest.com\/#\/schema\/logo\/image\/","url":"https:\/\/www.amisosclimbingfest.com\/wp-content\/uploads\/2025\/06\/Logo-clean-800x800-1.png","contentUrl":"https:\/\/www.amisosclimbingfest.com\/wp-content\/uploads\/2025\/06\/Logo-clean-800x800-1.png","width":800,"height":800,"caption":"AMISOS"},"image":{"@id":"https:\/\/amisosclimbingfest.com\/#\/schema\/logo\/image\/"}}]}},"_links":{"self":[{"href":"https:\/\/amisosclimbingfest.com\/en\/wp-json\/wp\/v2\/pages\/17","targetHints":{"allow":["GET"]}}],"collection":[{"href":"https:\/\/amisosclimbingfest.com\/en\/wp-json\/wp\/v2\/pages"}],"about":[{"href":"https:\/\/amisosclimbingfest.com\/en\/wp-json\/wp\/v2\/types\/page"}],"author":[{"embeddable":true,"href":"https:\/\/amisosclimbingfest.com\/en\/wp-json\/wp\/v2\/users\/1"}],"replies":[{"embeddable":true,"href":"https:\/\/amisosclimbingfest.com\/en\/wp-json\/wp\/v2\/comments?post=17"}],"version-history":[{"count":1,"href":"https:\/\/amisosclimbingfest.com\/en\/wp-json\/wp\/v2\/pages\/17\/revisions"}],"predecessor-version":[{"id":18,"href":"https:\/\/amisosclimbingfest.com\/en\/wp-json\/wp\/v2\/pages\/17\/revisions\/18"}],"wp:attachment":[{"href":"https:\/\/amisosclimbingfest.com\/en\/wp-json\/wp\/v2\/media?parent=17"}],"curies":[{"name":"wp","href":"https:\/\/api.w.org\/{rel}","templated":true}]}}